{"id":32089,"date":"2025-11-24T10:08:55","date_gmt":"2025-11-24T10:08:55","guid":{"rendered":"https:\/\/parashift.ai\/impressum\/"},"modified":"2025-12-04T19:59:35","modified_gmt":"2025-12-04T19:59:35","slug":"impressum","status":"publish","type":"page","link":"https:\/\/parashift.ai\/de\/impressum\/","title":{"rendered":"Impressum"},"content":{"rendered":"\t\t<div data-elementor-type=\"wp-page\" data-elementor-id=\"32089\" class=\"elementor elementor-32089 elementor-3313\" data-elementor-post-type=\"page\">\n\t\t\t\t\t\t<section class=\"elementor-section elementor-top-section elementor-element elementor-element-291f9f7 elementor-section-boxed elementor-section-height-default elementor-section-height-default\" data-id=\"291f9f7\" data-element_type=\"section\" data-e-type=\"section\">\n\t\t\t\t\t\t<div class=\"elementor-container elementor-column-gap-default\">\n\t\t\t\t\t<div class=\"elementor-column elementor-col-100 elementor-top-column elementor-element elementor-element-7f0e7317\" data-id=\"7f0e7317\" data-element_type=\"column\" data-e-type=\"column\">\n\t\t\t<div class=\"elementor-widget-wrap elementor-element-populated\">\n\t\t\t\t\t\t<div class=\"elementor-element elementor-element-5cd3bd1a elementor-widget elementor-widget-text-editor\" data-id=\"5cd3bd1a\" data-element_type=\"widget\" data-e-type=\"widget\" data-widget_type=\"text-editor.default\">\n\t\t\t\t\t\t\t\t\tInformationen \u00fcber den Betreiber dieser Website:<br><br><strong>Parashift AG<\/strong><br>Hauptstrasse 134<br>4450 Sissach<br>Schweiz<br><br>Telefon: +41 61 508 77 77<br>E-Mail: sales@parashift.io<br>D-U-N-S: 48-249-6395<br>CHF \u2013 IBAN: CH63 0076 9438 2793 0200 1 BIC: BLKBCH22XXX<br>EUR \u2013 IBAN: CH79 0483 5118 8805 2200 0 BIC: CRESCH<br><br><strong>Vertretungsberechtigt in t\u00e4glichen Gesch\u00e4ftsdingen<\/strong>:<br><br>Andreas Isenring (CFO)<br>Manuela Rohr (CCSO)<br>Thilo Rossa (CPO)<br>Jos Braaksma (CTO)<br>Andre Bieler (CRDO)<br>Alain Veuve (CEO)<br><br><strong>Datensch\u00fctzer nach EU-DSGVO:\u00a0<\/strong><br><br><strong>VGS Datenschutzpartner GmbH\r\n<\/strong>Am Kaiserkai 69<br>20457 Hamburg<br>Germany<br><br><strong>UID<\/strong>: CHE-101.770.667<br><br><strong>Haftungshinweis<\/strong>: Trotz sorgf\u00e4ltiger inhaltlicher Kontrolle \u00fcbernehmen wir keine Haftung f\u00fcr die Inhalte externer Links. F\u00fcr den Inhalt der verlinkten Seiten sind ausschlie\u00dflich deren Betreiber verantwortlich.\t\t\t\t\t\t\t\t<\/div>\n\t\t\t\t\t<\/div>\n\t\t<\/div>\n\t\t\t\t\t<\/div>\n\t\t<\/section>\n\t\t\t\t<\/div>\n\t\t","protected":false},"excerpt":{"rendered":"<p>Informationen \u00fcber den Betreiber dieser Website: Parashift AGHauptstrasse 1344450 SissachSchweiz Telefon: +41 61 508 77 77E-Mail: sales@parashift.ioD-U-N-S: 48-249-6395CHF \u2013 IBAN: CH63 0076 9438 2793 0200 1 BIC: BLKBCH22XXXEUR \u2013 IBAN: CH79 0483 5118 8805 2200 0 BIC: CRESCH Vertretungsberechtigt in&#8230;<\/p>\n","protected":false},"author":2,"featured_media":0,"parent":0,"menu_order":0,"comment_status":"closed","ping_status":"closed","template":"","meta":{"content-type":"","footnotes":""},"class_list":["post-32089","page","type-page","status-publish","hentry"],"_links":{"self":[{"href":"https:\/\/parashift.ai\/de\/wp-json\/wp\/v2\/pages\/32089","targetHints":{"allow":["GET"]}}],"collection":[{"href":"https:\/\/parashift.ai\/de\/wp-json\/wp\/v2\/pages"}],"about":[{"href":"https:\/\/parashift.ai\/de\/wp-json\/wp\/v2\/types\/page"}],"author":[{"embeddable":true,"href":"https:\/\/parashift.ai\/de\/wp-json\/wp\/v2\/users\/2"}],"replies":[{"embeddable":true,"href":"https:\/\/parashift.ai\/de\/wp-json\/wp\/v2\/comments?post=32089"}],"version-history":[{"count":4,"href":"https:\/\/parashift.ai\/de\/wp-json\/wp\/v2\/pages\/32089\/revisions"}],"predecessor-version":[{"id":32093,"href":"https:\/\/parashift.ai\/de\/wp-json\/wp\/v2\/pages\/32089\/revisions\/32093"}],"wp:attachment":[{"href":"https:\/\/parashift.ai\/de\/wp-json\/wp\/v2\/media?parent=32089"}],"curies":[{"name":"wp","href":"https:\/\/api.w.org\/{rel}","templated":true}]}}