{"id":31526,"date":"2025-11-29T11:47:19","date_gmt":"2025-11-29T11:47:19","guid":{"rendered":"https:\/\/parashift.ai\/jetzt-testkonto-und-demo-buchen\/"},"modified":"2025-12-10T17:43:00","modified_gmt":"2025-12-10T17:43:00","slug":"demo","status":"publish","type":"page","link":"https:\/\/parashift.ai\/de\/demo\/","title":{"rendered":"Jetzt Testkonto und Demo buchen"},"content":{"rendered":"\t\t<div data-elementor-type=\"wp-page\" data-elementor-id=\"31526\" class=\"elementor elementor-31526 elementor-29838\" data-elementor-post-type=\"page\">\n\t\t\t\t\t\t<section class=\"pix-elementor-divider elementor-section elementor-top-section elementor-element elementor-element-10d18eda elementor-section-content-middle elementor-section-boxed elementor-section-height-default elementor-section-height-default\" data-id=\"10d18eda\" data-element_type=\"section\" data-e-type=\"section\" data-settings=\"{&quot;background_background&quot;:&quot;classic&quot;}\">\n\t\t\t\t\t\t<div class=\"elementor-container elementor-column-gap-default\">\n\t\t\t\t\t<div class=\"elementor-column elementor-col-100 elementor-top-column elementor-element elementor-element-64629ab2\" data-id=\"64629ab2\" data-element_type=\"column\" data-e-type=\"column\">\n\t\t\t<div class=\"elementor-widget-wrap elementor-element-populated\">\n\t\t\t\t\t\t<div class=\"elementor-element elementor-element-33960959 elementor-widget elementor-widget-pix-heading\" data-id=\"33960959\" data-element_type=\"widget\" data-e-type=\"widget\" data-widget_type=\"pix-heading.default\">\n\t\t\t\t<div class=\"elementor-widget-container\">\n\t\t\t\t\t<div  class=\"pix-heading-el text-center \"><div class=\"d-inline-block\" style=\"max-width:700px;\"><h2 class=\"text-heading-default font-weight-bold h2 heading-text el-title_custom_color mb-12\" style=\"\" data-anim-type=\"\" data-anim-delay=\"\">Lernen Sie Parashift kennen und erhalten Sie Ihre pers\u00f6nliche Testversion.<\/h2><\/div><\/div>\t\t\t\t<\/div>\n\t\t\t\t<\/div>\n\t\t\t\t<div class=\"elementor-element elementor-element-301f4e4e elementor-widget elementor-widget-pix-text\" data-id=\"301f4e4e\" data-element_type=\"widget\" data-e-type=\"widget\" data-widget_type=\"pix-text.default\">\n\t\t\t\t<div class=\"elementor-widget-container\">\n\t\t\t\t\t<div class=\"pix-el-text w-100 text-center \" ><div class=\"d-inline-block\" style=\"max-width:500px;\"><p class=\"resp-option text-center \"><header class=\"home-free_items_block_component__header\"><p class=\"home-free_items_block_component__subtitle\" style=\"text-align: left;\">Am besten geeignet f\u00fcr mittlere und gro\u00dfe globale Unternehmen. 14-t\u00e4giges Testkonto und Erstberatung<\/p><\/header><\/p><\/div><\/div>\t\t\t\t<\/div>\n\t\t\t\t<\/div>\n\t\t\t\t<div class=\"elementor-element elementor-element-577aba5 elementor-widget elementor-widget-spacer\" data-id=\"577aba5\" data-element_type=\"widget\" data-e-type=\"widget\" data-widget_type=\"spacer.default\">\n\t\t\t\t\t\t\t<div class=\"elementor-spacer\">\n\t\t\t<div class=\"elementor-spacer-inner\"><\/div>\n\t\t<\/div>\n\t\t\t\t\t\t<\/div>\n\t\t\t\t<section class=\"elementor-section elementor-inner-section elementor-element elementor-element-25bb9a97 elementor-section-boxed elementor-section-height-default elementor-section-height-default\" data-id=\"25bb9a97\" data-element_type=\"section\" data-e-type=\"section\">\n\t\t\t\t\t\t<div class=\"elementor-container elementor-column-gap-default\">\n\t\t\t\t\t<div class=\"elementor-column elementor-col-50 elementor-inner-column elementor-element elementor-element-7a8e80e7\" data-id=\"7a8e80e7\" data-element_type=\"column\" data-e-type=\"column\">\n\t\t\t<div class=\"elementor-widget-wrap elementor-element-populated\">\n\t\t\t\t\t\t<div class=\"elementor-element elementor-element-102a5a4f elementor-widget elementor-widget-image\" data-id=\"102a5a4f\" data-element_type=\"widget\" data-e-type=\"widget\" data-widget_type=\"image.default\">\n\t\t\t\t\t\t\t\t\t\t\t\t\t\t\t<img fetchpriority=\"high\" decoding=\"async\" width=\"300\" height=\"186\" src=\"https:\/\/parashift.ai\/wp-content\/uploads\/2025\/12\/demo_guy.png-1.webp\" class=\"attachment-full size-full wp-image-32716\" alt=\"\" \/>\t\t\t\t\t\t\t\t\t\t\t\t\t\t\t<\/div>\n\t\t\t\t<div class=\"elementor-element elementor-element-001a4e2 elementor-widget elementor-widget-pix-text\" data-id=\"001a4e2\" data-element_type=\"widget\" data-e-type=\"widget\" data-widget_type=\"pix-text.default\">\n\t\t\t\t<div class=\"elementor-widget-container\">\n\t\t\t\t\t<div class=\"pix-el-text w-100 text-left \" ><div class=\"d-inline-block\" style=\"max-width:500px;\"><p class=\"resp-option text-left \"><header class=\"home-free_items_block_component__header\"><p class=\"home-free_items_block_component__subtitle\" style=\"text-align: left;\">Ihre Fragen, beantwortet.<\/p><\/header><\/p><\/div><\/div>\t\t\t\t<\/div>\n\t\t\t\t<\/div>\n\t\t\t\t<div class=\"elementor-element elementor-element-4c59d2b7 elementor-widget-mobile__width-initial elementor-widget elementor-widget-pix-feature-list\" data-id=\"4c59d2b7\" data-element_type=\"widget\" data-e-type=\"widget\" data-widget_type=\"pix-feature-list.default\">\n\t\t\t\t<div class=\"elementor-widget-container\">\n\t\t\t\t\t<div id=\"accordion-f2bb3bda5b25220487992094d0300aee\" class=\"w-100  \" ><div class=\"py-2 \"  ><div class=\"pix-feature-list  justify-content-start      py-2 d-flex align-items-center\" ><div class=\"d-inline-flex align-items-center pix-mr-10 text-primary\" style=\"font-size:1.2em;position:relative;line-height:1em;text-align:center;\"><svg class=\"pixfort-icon \" width=\"24\" height=\"24\"  data-name=\"Duotone\/pixfort-icon-record-1\" viewBox=\"2 2 20 20\"><path fill=\"var(--pf-icon-color)\" fill-rule=\"evenodd\" d=\"M12,7 C9.23857625,7 7,9.23857625 7,12 C7,14.7614237 9.23857625,17 12,17 C14.7614237,17 17,14.7614237 17,12 C17,9.23857625 14.7614237,7 12,7 Z\"\/><\/svg><\/div><span class=\"text-heading-default\">Sehen Sie Parashift in Aktion<\/span><\/div><div class=\"pix-feature-list  justify-content-start      py-2 d-flex align-items-center\" ><div class=\"d-inline-flex align-items-center pix-mr-10 text-primary\" style=\"font-size:1.2em;position:relative;line-height:1em;text-align:center;\"><svg class=\"pixfort-icon \" width=\"24\" height=\"24\"  data-name=\"Duotone\/pixfort-icon-record-1\" viewBox=\"2 2 20 20\"><path fill=\"var(--pf-icon-color)\" fill-rule=\"evenodd\" d=\"M12,7 C9.23857625,7 7,9.23857625 7,12 C7,14.7614237 9.23857625,17 12,17 C14.7614237,17 17,14.7614237 17,12 C17,9.23857625 14.7614237,7 12,7 Z\"\/><\/svg><\/div><span class=\"text-heading-default\">Wie Parashift f\u00fcr Ihren Use-Case und Ihr Budget passen w\u00fcrde?<\/span><\/div><div class=\"pix-feature-list  justify-content-start      py-2 d-flex align-items-center\" ><div class=\"d-inline-flex align-items-center pix-mr-10 text-primary\" style=\"font-size:1.2em;position:relative;line-height:1em;text-align:center;\"><svg class=\"pixfort-icon \" width=\"24\" height=\"24\"  data-name=\"Duotone\/pixfort-icon-record-1\" viewBox=\"2 2 20 20\"><path fill=\"var(--pf-icon-color)\" fill-rule=\"evenodd\" d=\"M12,7 C9.23857625,7 7,9.23857625 7,12 C7,14.7614237 9.23857625,17 12,17 C14.7614237,17 17,14.7614237 17,12 C17,9.23857625 14.7614237,7 12,7 Z\"\/><\/svg><\/div><span class=\"text-heading-default\">Wie und wie schnell k\u00f6nnen Sie Parashift integrieren?<\/span><\/div><div class=\"pix-feature-list  justify-content-start      py-2 d-flex align-items-center\" ><div class=\"d-inline-flex align-items-center pix-mr-10 text-primary\" style=\"font-size:1.2em;position:relative;line-height:1em;text-align:center;\"><svg class=\"pixfort-icon \" width=\"24\" height=\"24\"  data-name=\"Duotone\/pixfort-icon-record-1\" viewBox=\"2 2 20 20\"><path fill=\"var(--pf-icon-color)\" fill-rule=\"evenodd\" d=\"M12,7 C9.23857625,7 7,9.23857625 7,12 C7,14.7614237 9.23857625,17 12,17 C14.7614237,17 17,14.7614237 17,12 C17,9.23857625 14.7614237,7 12,7 Z\"\/><\/svg><\/div><span class=\"text-heading-default\">Testen Sie Parashift 14 Tage mit ihrem Test-Zugang<\/span><\/div><div class=\"pix-feature-list  justify-content-start      py-2 d-flex align-items-center\" ><div class=\"d-inline-flex align-items-center pix-mr-10 text-primary\" style=\"font-size:1.2em;position:relative;line-height:1em;text-align:center;\"><svg class=\"pixfort-icon \" width=\"24\" height=\"24\"  data-name=\"Duotone\/pixfort-icon-record-1\" viewBox=\"2 2 20 20\"><path fill=\"var(--pf-icon-color)\" fill-rule=\"evenodd\" d=\"M12,7 C9.23857625,7 7,9.23857625 7,12 C7,14.7614237 9.23857625,17 12,17 C14.7614237,17 17,14.7614237 17,12 C17,9.23857625 14.7614237,7 12,7 Z\"\/><\/svg><\/div><span class=\"text-heading-default\">M\u00f6chten Sie die Menschen hinter Parashift kennenlernen?<\/span><\/div><\/div><\/div>\t\t\t\t<\/div>\n\t\t\t\t<\/div>\n\t\t\t\t\t<\/div>\n\t\t<\/div>\n\t\t\t\t<div class=\"elementor-column elementor-col-50 elementor-inner-column elementor-element elementor-element-5b1c5022\" data-id=\"5b1c5022\" data-element_type=\"column\" data-e-type=\"column\">\n\t\t\t<div class=\"elementor-widget-wrap elementor-element-populated\">\n\t\t\t\t\t\t<div class=\"elementor-element elementor-element-15d390e6 elementor-widget elementor-widget-html\" data-id=\"15d390e6\" data-element_type=\"widget\" data-e-type=\"widget\" data-widget_type=\"html.default\">\n\t\t\t\t\t<script charset=\"utf-8\" type=\"text\/javascript\" src=\"\/\/js.hsforms.net\/forms\/embed\/v2.js\"><\/script>\r\n<script>\r\n  hbspt.forms.create({\r\n    portalId: \"5804034\",\r\n    formId: \"0f773660-61d2-478a-8d80-3e6c9ba535f1\",\r\n    region: \"na1\"\r\n  });\r\n<\/script>\t\t\t\t<\/div>\n\t\t\t\t\t<\/div>\n\t\t<\/div>\n\t\t\t\t\t<\/div>\n\t\t<\/section>\n\t\t\t\t<div class=\"elementor-element elementor-element-11e2d9b elementor-widget elementor-widget-spacer\" data-id=\"11e2d9b\" data-element_type=\"widget\" data-e-type=\"widget\" data-widget_type=\"spacer.default\">\n\t\t\t\t\t\t\t<div class=\"elementor-spacer\">\n\t\t\t<div class=\"elementor-spacer-inner\"><\/div>\n\t\t<\/div>\n\t\t\t\t\t\t<\/div>\n\t\t\t\t<div class=\"elementor-element elementor-element-3d3f779 elementor-widget elementor-widget-pix-text\" data-id=\"3d3f779\" data-element_type=\"widget\" data-e-type=\"widget\" data-widget_type=\"pix-text.default\">\n\t\t\t\t<div class=\"elementor-widget-container\">\n\t\t\t\t\t<div class=\"pix-el-text w-100 text-center \" ><div class=\"d-inline-block\" style=\"max-width:500px;\"><p class=\"resp-option text-center \"><header class=\"home-free_items_block_component__header\"><p class=\"home-free_items_block_component__subtitle\" style=\"text-align: left;\">Mittlere &amp; grosse Unternehmen vertrauen uns.<\/p><\/header><\/p><\/div><\/div>\t\t\t\t<\/div>\n\t\t\t\t<\/div>\n\t\t\t\t<div class=\"elementor-element elementor-element-84b32a9 elementor-widget elementor-widget-image\" data-id=\"84b32a9\" data-element_type=\"widget\" data-e-type=\"widget\" data-widget_type=\"image.default\">\n\t\t\t\t\t\t\t\t\t\t\t\t\t\t\t<img decoding=\"async\" width=\"600\" height=\"39\" src=\"https:\/\/parashift.ai\/wp-content\/uploads\/2025\/12\/logo-carousel-600x39-1.png\" class=\"attachment-large size-large wp-image-32720\" alt=\"\" srcset=\"https:\/\/parashift.ai\/wp-content\/uploads\/2025\/12\/logo-carousel-600x39-1.png 600w, https:\/\/parashift.ai\/wp-content\/uploads\/2025\/12\/logo-carousel-600x39-1-300x20.png 300w\" sizes=\"(max-width: 600px) 100vw, 600px\" \/>\t\t\t\t\t\t\t\t\t\t\t\t\t\t\t<\/div>\n\t\t\t\t\t<\/div>\n\t\t<\/div>\n\t\t\t\t\t<\/div>\n\t\t<\/section>\n\t\t<div class=\"pix-divider  position-relative pix-bottom-divider pix-divider-flip-h elementor-element elementor-element-10d18eda\" data-style=\"style-26\" ><svg xmlns=\"http:\/\/www.w3.org\/2000\/svg\" width=\"100%\"  viewBox=\"0 0 300 53\" preserveAspectRatio=\"none\"><g class=\"pix-divider-layer-1\" fill=\"#FFFFFF00\" ><path d=\"M37.5,29.8008696 C37.5,40.1143578 45.89475,48.4745763 56.25,48.4745763 L56.25,29.9887271 C56.25,19.7792445 48.0231129,11.4832416 37.8115661,11.3175466 L37.5,11.3150205 C58.003395,11.3150205 74.6638179,27.6774411 74.994976,47.9865338 L75,48.603156 L111.625844,48.613797 C91.5247389,48.1565995 75.3314558,31.9719042 75.0050239,11.9522155 L75,11.3355932 L93.36225,11.3355289 L93.3646328,11.6297184 C93.5319253,21.8899182 101.865018,30.1759308 112.183514,30.3422782 L112.5,30.3448276 L112.5,48.6126645 L187.5,48.6320544 L187.5,48.603156 C166.7895,48.603156 150,31.908512 150,11.3150205 L187.5,11.3150205 C207.798361,11.3150205 224.330225,27.3518289 224.980155,47.3784574 L224.994938,47.9864103 L224.98687,47.7142226 C224.617284,37.8436817 216.491691,29.9338521 206.462775,29.7750806 L206.155211,29.7726476 L187.5,29.7726476 C187.5,39.9664259 195.76892,48.249574 206.033148,48.4142176 L206.344789,48.4167154 L224.9985,48.4167154 L225,48.5953255 L225.005024,47.9865338 C225.334502,27.7805059 241.827929,11.4811944 262.188146,11.316283 C252.079,11.4815704 243.914736,19.6140539 243.752462,29.6828383 L243.75,29.9885394 L243.75,48.4745763 C254.001698,48.4745763 262.331909,40.2804425 262.497488,30.1098555 L262.5,29.8118001 L262.5,48.603156 L262.49925,48.6518171 L300,48.6610169 L300,53 L0,53 L0,48.6610169 L37.5,48.603156 L37.5,29.8008696 Z\"><\/path><\/g><defs><\/defs><\/svg><\/div>\t\t<\/div>\n\t\t","protected":false},"excerpt":{"rendered":"<p>Lernen Sie Parashift kennen und erhalten Sie Ihre pers\u00f6nliche Testversion. Am besten geeignet f\u00fcr mittlere und gro\u00dfe globale Unternehmen. 14-t\u00e4giges Testkonto und Erstberatung Ihre Fragen, beantwortet. Sehen Sie Parashift in AktionWie Parashift f\u00fcr Ihren Use-Case und Ihr Budget passen w\u00fcrde?Wie&#8230;<\/p>\n","protected":false},"author":1,"featured_media":0,"parent":0,"menu_order":0,"comment_status":"closed","ping_status":"closed","template":"","meta":{"content-type":"","footnotes":""},"class_list":["post-31526","page","type-page","status-publish","hentry"],"_links":{"self":[{"href":"https:\/\/parashift.ai\/de\/wp-json\/wp\/v2\/pages\/31526","targetHints":{"allow":["GET"]}}],"collection":[{"href":"https:\/\/parashift.ai\/de\/wp-json\/wp\/v2\/pages"}],"about":[{"href":"https:\/\/parashift.ai\/de\/wp-json\/wp\/v2\/types\/page"}],"author":[{"embeddable":true,"href":"https:\/\/parashift.ai\/de\/wp-json\/wp\/v2\/users\/1"}],"replies":[{"embeddable":true,"href":"https:\/\/parashift.ai\/de\/wp-json\/wp\/v2\/comments?post=31526"}],"version-history":[{"count":28,"href":"https:\/\/parashift.ai\/de\/wp-json\/wp\/v2\/pages\/31526\/revisions"}],"predecessor-version":[{"id":32737,"href":"https:\/\/parashift.ai\/de\/wp-json\/wp\/v2\/pages\/31526\/revisions\/32737"}],"wp:attachment":[{"href":"https:\/\/parashift.ai\/de\/wp-json\/wp\/v2\/media?parent=31526"}],"curies":[{"name":"wp","href":"https:\/\/api.w.org\/{rel}","templated":true}]}}