{"id":31519,"date":"2025-11-22T15:26:41","date_gmt":"2025-11-22T15:26:41","guid":{"rendered":"https:\/\/parashift.ai\/ueber-parashift\/"},"modified":"2026-01-09T18:46:05","modified_gmt":"2026-01-09T18:46:05","slug":"ueber-parashift","status":"publish","type":"page","link":"https:\/\/parashift.ai\/de\/ueber-parashift\/","title":{"rendered":"\u00dcber Parashift"},"content":{"rendered":"\t\t<div data-elementor-type=\"wp-page\" data-elementor-id=\"31519\" class=\"elementor elementor-31519 elementor-3214\" data-elementor-post-type=\"page\">\n\t\t\t\t\t\t<section class=\"pix-elementor-divider elementor-section elementor-top-section elementor-element elementor-element-53b71e81 elementor-section-stretched elementor-section-height-min-height elementor-section-boxed elementor-section-height-default elementor-section-items-middle\" data-id=\"53b71e81\" data-element_type=\"section\" data-e-type=\"section\" data-settings=\"{&quot;stretch_section&quot;:&quot;section-stretched&quot;,&quot;background_background&quot;:&quot;gradient&quot;}\">\n\t\t\t\t\t\t\t<div class=\"elementor-background-overlay\"><\/div>\n\t\t\t\t\t\t\t<div class=\"elementor-container elementor-column-gap-default\">\n\t\t\t\t\t<div class=\"elementor-column elementor-col-100 elementor-top-column elementor-element elementor-element-e480bb1\" data-id=\"e480bb1\" data-element_type=\"column\" data-e-type=\"column\">\n\t\t\t<div class=\"elementor-widget-wrap elementor-element-populated\">\n\t\t\t\t\t\t<div class=\"elementor-element elementor-element-fdddde7 elementor-widget-divider--view-line elementor-widget elementor-widget-divider\" data-id=\"fdddde7\" data-element_type=\"widget\" data-e-type=\"widget\" data-widget_type=\"divider.default\">\n\t\t\t\t\t\t\t<div class=\"elementor-divider\">\n\t\t\t<span class=\"elementor-divider-separator\">\n\t\t\t\t\t\t<\/span>\n\t\t<\/div>\n\t\t\t\t\t\t<\/div>\n\t\t\t\t<section class=\"elementor-section elementor-inner-section elementor-element elementor-element-24a72f0 elementor-section-boxed elementor-section-height-default elementor-section-height-default\" data-id=\"24a72f0\" data-element_type=\"section\" data-e-type=\"section\">\n\t\t\t\t\t\t<div class=\"elementor-container elementor-column-gap-default\">\n\t\t\t\t\t<div class=\"elementor-column elementor-col-50 elementor-inner-column elementor-element elementor-element-1a43648\" data-id=\"1a43648\" data-element_type=\"column\" data-e-type=\"column\">\n\t\t\t<div class=\"elementor-widget-wrap elementor-element-populated\">\n\t\t\t\t\t\t<div class=\"elementor-element elementor-element-af1bc6e elementor-widget__width-initial elementor-widget elementor-widget-image\" data-id=\"af1bc6e\" data-element_type=\"widget\" data-e-type=\"widget\" data-widget_type=\"image.default\">\n\t\t\t\t\t\t\t\t\t\t\t\t\t\t\t<img fetchpriority=\"high\" decoding=\"async\" width=\"2000\" height=\"1333\" src=\"https:\/\/parashift.ai\/wp-content\/uploads\/2025\/11\/New_office_001.avif\" class=\"attachment-full size-full wp-image-31468\" alt=\"Parashift-B\u00fcro\" \/>\t\t\t\t\t\t\t\t\t\t\t\t\t\t\t<\/div>\n\t\t\t\t\t<\/div>\n\t\t<\/div>\n\t\t\t\t<div class=\"elementor-column elementor-col-50 elementor-inner-column elementor-element elementor-element-597b537\" data-id=\"597b537\" data-element_type=\"column\" data-e-type=\"column\">\n\t\t\t<div class=\"elementor-widget-wrap elementor-element-populated\">\n\t\t\t\t\t\t<div class=\"elementor-element elementor-element-7c39216 elementor-widget elementor-widget-heading\" data-id=\"7c39216\" data-element_type=\"widget\" data-e-type=\"widget\" data-widget_type=\"heading.default\">\n\t\t\t\t\t<h2 class=\"elementor-heading-title elementor-size-default\">Wir stehen f\u00fcr den <\/h2>\t\t\t\t<\/div>\n\t\t\t\t<div class=\"elementor-element elementor-element-18b1add elementor-widget elementor-widget-heading\" data-id=\"18b1add\" data-element_type=\"widget\" data-e-type=\"widget\" data-widget_type=\"heading.default\">\n\t\t\t\t\t<h2 class=\"elementor-heading-title elementor-size-default\">Paradigmenwechsel<\/h2>\t\t\t\t<\/div>\n\t\t\t\t<div class=\"elementor-element elementor-element-dcbea41 elementor-widget elementor-widget-heading\" data-id=\"dcbea41\" data-element_type=\"widget\" data-e-type=\"widget\" data-widget_type=\"heading.default\">\n\t\t\t\t\t<h2 class=\"elementor-heading-title elementor-size-default\">in der Dokumentenautomatisierung.<\/h2>\t\t\t\t<\/div>\n\t\t\t\t<div class=\"elementor-element elementor-element-404a5b1 elementor-widget__width-initial elementor-widget elementor-widget-text-editor\" data-id=\"404a5b1\" data-element_type=\"widget\" data-e-type=\"widget\" data-widget_type=\"text-editor.default\">\n\t\t\t\t\t\t\t\t\t<p dir=\"auto\">Als Innovationsf\u00fchrer ist Parashift auf dem besten Weg, Europas Nummer 1 im Bereich KI-basierter dokumentenzentrierter Automatisierung zu werden.<\/p>\t\t\t\t\t\t\t\t<\/div>\n\t\t\t\t\t<\/div>\n\t\t<\/div>\n\t\t\t\t\t<\/div>\n\t\t<\/section>\n\t\t\t\t\t<\/div>\n\t\t<\/div>\n\t\t\t\t\t<\/div>\n\t\t<\/section>\n\t\t<div class=\"pix-divider  position-relative pix-bottom-divider elementor-element elementor-element-53b71e81 pix-stretch-divider\" data-style=\"style-14\" ><svg xmlns=\"http:\/\/www.w3.org\/2000\/svg\" width=\"100%\"  viewBox=\"0 0 1200 215\" preserveAspectRatio=\"none\"><path class=\"pix-divider-layer-3\" fill=\"rgba(255,255,255,0.3)\"  d=\"M95.3266562,3.92785602 L1106.50807,112.268722 C1121.74785,113.901555 1130.03565,116.775826 1137.39045,121.399357 C1144.74525,126.022887 1150.39763,132.313239 1154.21132,140.118741 C1158.02501,147.924244 1160,156.471085 1160,171.798085 L1160,178 L40,178 L40,53.6433137 C40,26.0290762 62.3857625,3.64331372 90,3.64331372 C91.7793502,3.64331372 93.557432,3.73829628 95.3266562,3.92785602 Z\"  \/><path class=\"pix-divider-layer-2\" fill=\"rgba(255,255,255,0.6)\"  d=\"M75.1449576,33.7046508 L1130.26541,142.855042 C1140.8753,143.952617 1149.938,146.89019 1157.30608,151.50431 C1164.67417,156.11843 1170.34765,162.409098 1174.17911,170.212863 C1178.01056,178.016628 1180,187.33349 1180,198 L1180,198 L20,198 L20,83.4392405 C20,55.825003 42.3857625,33.4392405 70,33.4392405 C71.7184072,33.4392405 73.435672,33.5278281 75.1449576,33.7046508 Z\" \/><path class=\"pix-divider-layer-1\" fill=\"#ffffff\" d=\"M54.975186,63.4975186 L1160.19851,174.019851 C1182.79338,176.279338 1200,195.292442 1200,218 L1200,218 L0,218 L1.42108547e-14,113.249378 C1.0829086e-14,85.6351406 22.3857625,63.2493781 50,63.2493781 C51.6614881,63.2493781 53.3219435,63.3321944 54.975186,63.4975186 Z\"\/><defs><\/defs><\/svg><\/div>\t\t<section class=\"elementor-section elementor-top-section elementor-element elementor-element-0b2e376 elementor-section-boxed elementor-section-height-default elementor-section-height-default\" data-id=\"0b2e376\" data-element_type=\"section\" data-e-type=\"section\" data-settings=\"{&quot;background_background&quot;:&quot;classic&quot;,&quot;animation&quot;:&quot;none&quot;}\">\n\t\t\t\t\t\t<div class=\"elementor-container elementor-column-gap-default\">\n\t\t\t\t\t<div class=\"elementor-column elementor-col-50 elementor-top-column elementor-element elementor-element-62fa48d\" data-id=\"62fa48d\" data-element_type=\"column\" data-e-type=\"column\">\n\t\t\t<div class=\"elementor-widget-wrap elementor-element-populated\">\n\t\t\t\t\t\t<section class=\"elementor-section elementor-inner-section elementor-element elementor-element-b1c0dbb bg-white shadow shadow-hover fly-sm rounded-10 elementor-section-boxed elementor-section-height-default elementor-section-height-default\" data-id=\"b1c0dbb\" data-element_type=\"section\" data-e-type=\"section\" data-settings=\"{&quot;animation&quot;:&quot;none&quot;}\">\n\t\t\t\t\t\t<div class=\"elementor-container elementor-column-gap-default\">\n\t\t\t\t\t<div class=\"elementor-column elementor-col-100 elementor-inner-column elementor-element elementor-element-c065982\" data-id=\"c065982\" data-element_type=\"column\" data-e-type=\"column\" data-settings=\"{&quot;animation&quot;:&quot;none&quot;}\">\n\t\t\t<div class=\"elementor-widget-wrap elementor-element-populated\">\n\t\t\t\t\t\t<div class=\"elementor-element elementor-element-6071316 elementor-widget elementor-widget-pix-feature\" data-id=\"6071316\" data-element_type=\"widget\" data-e-type=\"widget\" data-widget_type=\"pix-feature.default\">\n\t\t\t\t<div class=\"elementor-widget-container\">\n\t\t\t\t\t<div id=\"pix-feature-6071316\" class=\"pix-feature-el text-custom \"><h5 class=\"pix-feature-title  font-weight-bold   text-heading-default \" style=\"padding-top:40px;\"  >Deep-Tech Pioniere<\/h5><div class=\"pix-feature-content text-body-default      \" style=\"padding-top:10px;\"  >Parashift entwickelt Technologien f\u00fcr dokumentenzentrierte Prozesse und das Verstehen von Dokumenten. Technologien wie DocumentSwarmLearning\u2122, OneTouchLearning\u00ae und der autonome Retraining-Cluster wurden als bahnbrechende Konzepte im Bereich der intelligenten Dokumentenverarbeitung eingef\u00fchrt. Parashift arbeitet aktuell daran, alle Technologien in einem konformen, sicheren und ganzheitlichen Cluster zu vereinen, der neurosymbolische KI nutzt und zu echter operativer Maschinenautonomie im Backoffice f\u00fchrt.  <\/div><\/div>\t\t\t\t<\/div>\n\t\t\t\t<\/div>\n\t\t\t\t\t<\/div>\n\t\t<\/div>\n\t\t\t\t\t<\/div>\n\t\t<\/section>\n\t\t\t\t\t<\/div>\n\t\t<\/div>\n\t\t\t\t<div class=\"elementor-column elementor-col-50 elementor-top-column elementor-element elementor-element-1c1389e\" data-id=\"1c1389e\" data-element_type=\"column\" data-e-type=\"column\">\n\t\t\t<div class=\"elementor-widget-wrap elementor-element-populated\">\n\t\t\t\t\t\t<section class=\"elementor-section elementor-inner-section elementor-element elementor-element-580e06c bg-white shadow shadow-hover fly-sm rounded-10 elementor-section-boxed elementor-section-height-default elementor-section-height-default\" data-id=\"580e06c\" data-element_type=\"section\" data-e-type=\"section\">\n\t\t\t\t\t\t<div class=\"elementor-container elementor-column-gap-default\">\n\t\t\t\t\t<div class=\"elementor-column elementor-col-100 elementor-inner-column elementor-element elementor-element-71b0686\" data-id=\"71b0686\" data-element_type=\"column\" data-e-type=\"column\">\n\t\t\t<div class=\"elementor-widget-wrap elementor-element-populated\">\n\t\t\t\t\t\t<div class=\"elementor-element elementor-element-8e94414 elementor-widget elementor-widget-pix-feature\" data-id=\"8e94414\" data-element_type=\"widget\" data-e-type=\"widget\" data-widget_type=\"pix-feature.default\">\n\t\t\t\t<div class=\"elementor-widget-container\">\n\t\t\t\t\t<div id=\"pix-feature-8e94414\" class=\"pix-feature-el text-custom \"><h5 class=\"pix-feature-title  font-weight-bold   text-heading-default \" style=\"padding-top:40px;\"  >Schweizer Wurzeln, globale Ambitionen<\/h5><div class=\"pix-feature-content text-body-default      \" style=\"padding-top:10px;\"  >Parashift mit Hauptsitz in der Schweiz vereint radikale Innovation mit absoluter Zuverl\u00e4ssigkeit. Wir bauen auf starken Datenschutz- und Compliance-Standards sowie Schweizer Pr\u00e4zision. Wir investieren fortlaufend in KI, um Unternehmen dabei zu unterst\u00fctzen, die neuesten KI-Technologien auf m\u00f6glichst sichere Weise zu nutzen. Parashift ist derzeit auf dem europ\u00e4ischen Markt aktiv und betreut vereinzelt US-Kunden. Im n\u00e4chsten Schritt expandieren in Europa und werden zur ersten Wahl f\u00fcr sichere, KI-basierte Automatisierung dokumentenbezogener Prozesse.    <\/div><\/div>\t\t\t\t<\/div>\n\t\t\t\t<\/div>\n\t\t\t\t\t<\/div>\n\t\t<\/div>\n\t\t\t\t\t<\/div>\n\t\t<\/section>\n\t\t\t\t\t<\/div>\n\t\t<\/div>\n\t\t\t\t\t<\/div>\n\t\t<\/section>\n\t\t\t\t<section class=\"elementor-section elementor-top-section elementor-element elementor-element-e24763e elementor-section-boxed elementor-section-height-default elementor-section-height-default\" data-id=\"e24763e\" data-element_type=\"section\" data-e-type=\"section\" data-settings=\"{&quot;background_background&quot;:&quot;classic&quot;}\">\n\t\t\t\t\t\t<div class=\"elementor-container elementor-column-gap-default\">\n\t\t\t\t\t<div class=\"elementor-column elementor-col-100 elementor-top-column elementor-element elementor-element-d30f7b1\" data-id=\"d30f7b1\" data-element_type=\"column\" data-e-type=\"column\">\n\t\t\t<div class=\"elementor-widget-wrap elementor-element-populated\">\n\t\t\t\t\t\t<div class=\"elementor-element elementor-element-bad2e29 elementor-widget elementor-widget-spacer\" data-id=\"bad2e29\" data-element_type=\"widget\" data-e-type=\"widget\" data-widget_type=\"spacer.default\">\n\t\t\t\t\t\t\t<div class=\"elementor-spacer\">\n\t\t\t<div class=\"elementor-spacer-inner\"><\/div>\n\t\t<\/div>\n\t\t\t\t\t\t<\/div>\n\t\t\t\t\t<\/div>\n\t\t<\/div>\n\t\t\t\t\t<\/div>\n\t\t<\/section>\n\t\t\t\t<\/div>\n\t\t","protected":false},"excerpt":{"rendered":"<p>Wir stehen f\u00fcr den Paradigmenwechsel in der Dokumentenautomatisierung. Als Innovationsf\u00fchrer ist Parashift auf dem besten Weg, Europas Nummer 1 im Bereich KI-basierter dokumentenzentrierter Automatisierung zu werden. Deep-Tech Pioniere Parashift entwickelt Technologien f\u00fcr dokumentenzentrierte Prozesse und das Verstehen von Dokumenten. Technologien&#8230;<\/p>\n","protected":false},"author":1,"featured_media":0,"parent":0,"menu_order":0,"comment_status":"closed","ping_status":"closed","template":"","meta":{"content-type":"","footnotes":""},"class_list":["post-31519","page","type-page","status-publish","hentry"],"_links":{"self":[{"href":"https:\/\/parashift.ai\/de\/wp-json\/wp\/v2\/pages\/31519","targetHints":{"allow":["GET"]}}],"collection":[{"href":"https:\/\/parashift.ai\/de\/wp-json\/wp\/v2\/pages"}],"about":[{"href":"https:\/\/parashift.ai\/de\/wp-json\/wp\/v2\/types\/page"}],"author":[{"embeddable":true,"href":"https:\/\/parashift.ai\/de\/wp-json\/wp\/v2\/users\/1"}],"replies":[{"embeddable":true,"href":"https:\/\/parashift.ai\/de\/wp-json\/wp\/v2\/comments?post=31519"}],"version-history":[{"count":51,"href":"https:\/\/parashift.ai\/de\/wp-json\/wp\/v2\/pages\/31519\/revisions"}],"predecessor-version":[{"id":33523,"href":"https:\/\/parashift.ai\/de\/wp-json\/wp\/v2\/pages\/31519\/revisions\/33523"}],"wp:attachment":[{"href":"https:\/\/parashift.ai\/de\/wp-json\/wp\/v2\/media?parent=31519"}],"curies":[{"name":"wp","href":"https:\/\/api.w.org\/{rel}","templated":true}]}}