{"id":31476,"date":"2025-11-23T13:50:55","date_gmt":"2025-11-23T13:50:55","guid":{"rendered":"https:\/\/parashift.ai\/karriere\/"},"modified":"2025-12-12T16:56:04","modified_gmt":"2025-12-12T16:56:04","slug":"karriere","status":"publish","type":"page","link":"https:\/\/parashift.ai\/de\/karriere\/","title":{"rendered":"Karriere"},"content":{"rendered":"\t\t<div data-elementor-type=\"wp-page\" data-elementor-id=\"31476\" class=\"elementor elementor-31476 elementor-3243\" data-elementor-post-type=\"page\">\n\t\t\t\t\t\t<section class=\"pix-elementor-divider elementor-section elementor-top-section elementor-element elementor-element-53b71e81 elementor-section-stretched elementor-section-height-min-height elementor-section-boxed elementor-section-height-default elementor-section-items-middle\" data-id=\"53b71e81\" data-element_type=\"section\" data-e-type=\"section\" data-settings=\"{&quot;stretch_section&quot;:&quot;section-stretched&quot;,&quot;background_background&quot;:&quot;gradient&quot;}\">\n\t\t\t\t\t\t\t<div class=\"elementor-background-overlay\"><\/div>\n\t\t\t\t\t\t\t<div class=\"elementor-container elementor-column-gap-default\">\n\t\t\t\t\t<div class=\"elementor-column elementor-col-100 elementor-top-column elementor-element elementor-element-e480bb1\" data-id=\"e480bb1\" data-element_type=\"column\" data-e-type=\"column\">\n\t\t\t<div class=\"elementor-widget-wrap elementor-element-populated\">\n\t\t\t\t\t\t<section class=\"elementor-section elementor-inner-section elementor-element elementor-element-24a72f0 elementor-section-boxed elementor-section-height-default elementor-section-height-default\" data-id=\"24a72f0\" data-element_type=\"section\" data-e-type=\"section\">\n\t\t\t\t\t\t<div class=\"elementor-container elementor-column-gap-default\">\n\t\t\t\t\t<div class=\"elementor-column elementor-col-50 elementor-inner-column elementor-element elementor-element-1a43648\" data-id=\"1a43648\" data-element_type=\"column\" data-e-type=\"column\">\n\t\t\t<div class=\"elementor-widget-wrap elementor-element-populated\">\n\t\t\t\t\t\t<div class=\"elementor-element elementor-element-7c39216 elementor-widget elementor-widget-heading\" data-id=\"7c39216\" data-element_type=\"widget\" data-e-type=\"widget\" data-widget_type=\"heading.default\">\n\t\t\t\t\t<h2 class=\"elementor-heading-title elementor-size-default\">Au\u00dfergew\u00f6hnliche Herausforderungen erfordern au\u00dfergew\u00f6hnliche Menschen.<\/h2>\t\t\t\t<\/div>\n\t\t\t\t<div class=\"elementor-element elementor-element-18b1add elementor-widget elementor-widget-heading\" data-id=\"18b1add\" data-element_type=\"widget\" data-e-type=\"widget\" data-widget_type=\"heading.default\">\n\t\t\t\t\t<h2 class=\"elementor-heading-title elementor-size-default\">(Solche, die liefern.) <\/h2>\t\t\t\t<\/div>\n\t\t\t\t<div class=\"elementor-element elementor-element-404a5b1 elementor-widget__width-initial elementor-widget elementor-widget-text-editor\" data-id=\"404a5b1\" data-element_type=\"widget\" data-e-type=\"widget\" data-widget_type=\"text-editor.default\">\n\t\t\t\t\t\t\t\t\t<p>Wenn Sie eine Herausforderung suchen, um gro\u00dfartige Ergebnisse zu erzielen, und nicht nur einen weiteren Job, dann ist Parashift genau das Richtige f\u00fcr Sie.<\/p>\t\t\t\t\t\t\t\t<\/div>\n\t\t\t\t\t<\/div>\n\t\t<\/div>\n\t\t\t\t<div class=\"elementor-column elementor-col-50 elementor-inner-column elementor-element elementor-element-597b537\" data-id=\"597b537\" data-element_type=\"column\" data-e-type=\"column\">\n\t\t\t<div class=\"elementor-widget-wrap elementor-element-populated\">\n\t\t\t\t\t\t<div class=\"elementor-element elementor-element-86ade14 elementor-widget-divider--view-line elementor-widget elementor-widget-divider\" data-id=\"86ade14\" data-element_type=\"widget\" data-e-type=\"widget\" data-widget_type=\"divider.default\">\n\t\t\t\t\t\t\t<div class=\"elementor-divider\">\n\t\t\t<span class=\"elementor-divider-separator\">\n\t\t\t\t\t\t<\/span>\n\t\t<\/div>\n\t\t\t\t\t\t<\/div>\n\t\t\t\t<div class=\"elementor-element elementor-element-af1bc6e elementor-widget__width-initial elementor-widget elementor-widget-image\" data-id=\"af1bc6e\" data-element_type=\"widget\" data-e-type=\"widget\" data-widget_type=\"image.default\">\n\t\t\t\t\t\t\t\t\t\t\t\t\t\t\t<img fetchpriority=\"high\" decoding=\"async\" width=\"960\" height=\"457\" src=\"https:\/\/parashift.ai\/wp-content\/uploads\/2025\/11\/team.avif\" class=\"attachment-full size-full wp-image-31475\" alt=\"Parashift AI Team\" srcset=\"https:\/\/parashift.ai\/wp-content\/uploads\/2025\/11\/team.avif 960w, https:\/\/parashift.ai\/wp-content\/uploads\/2025\/11\/team-300x143.avif 300w, https:\/\/parashift.ai\/wp-content\/uploads\/2025\/11\/team-768x366.avif 768w\" sizes=\"(max-width: 960px) 100vw, 960px\" \/>\t\t\t\t\t\t\t\t\t\t\t\t\t\t\t<\/div>\n\t\t\t\t\t<\/div>\n\t\t<\/div>\n\t\t\t\t\t<\/div>\n\t\t<\/section>\n\t\t\t\t\t<\/div>\n\t\t<\/div>\n\t\t\t\t\t<\/div>\n\t\t<\/section>\n\t\t<div class=\"pix-divider  position-relative pix-bottom-divider elementor-element elementor-element-53b71e81 pix-stretch-divider\" data-style=\"style-14\" ><svg xmlns=\"http:\/\/www.w3.org\/2000\/svg\" width=\"100%\"  viewBox=\"0 0 1200 215\" preserveAspectRatio=\"none\"><path class=\"pix-divider-layer-3\" fill=\"rgba(255,255,255,0.3)\"  d=\"M95.3266562,3.92785602 L1106.50807,112.268722 C1121.74785,113.901555 1130.03565,116.775826 1137.39045,121.399357 C1144.74525,126.022887 1150.39763,132.313239 1154.21132,140.118741 C1158.02501,147.924244 1160,156.471085 1160,171.798085 L1160,178 L40,178 L40,53.6433137 C40,26.0290762 62.3857625,3.64331372 90,3.64331372 C91.7793502,3.64331372 93.557432,3.73829628 95.3266562,3.92785602 Z\"  \/><path class=\"pix-divider-layer-2\" fill=\"rgba(255,255,255,0.6)\"  d=\"M75.1449576,33.7046508 L1130.26541,142.855042 C1140.8753,143.952617 1149.938,146.89019 1157.30608,151.50431 C1164.67417,156.11843 1170.34765,162.409098 1174.17911,170.212863 C1178.01056,178.016628 1180,187.33349 1180,198 L1180,198 L20,198 L20,83.4392405 C20,55.825003 42.3857625,33.4392405 70,33.4392405 C71.7184072,33.4392405 73.435672,33.5278281 75.1449576,33.7046508 Z\" \/><path class=\"pix-divider-layer-1\" fill=\"#ffffff\" d=\"M54.975186,63.4975186 L1160.19851,174.019851 C1182.79338,176.279338 1200,195.292442 1200,218 L1200,218 L0,218 L1.42108547e-14,113.249378 C1.0829086e-14,85.6351406 22.3857625,63.2493781 50,63.2493781 C51.6614881,63.2493781 53.3219435,63.3321944 54.975186,63.4975186 Z\"\/><defs><\/defs><\/svg><\/div>\t\t<section class=\"elementor-section elementor-top-section elementor-element elementor-element-0b2e376 elementor-section-boxed elementor-section-height-default elementor-section-height-default\" data-id=\"0b2e376\" data-element_type=\"section\" data-e-type=\"section\" data-settings=\"{&quot;background_background&quot;:&quot;classic&quot;,&quot;animation&quot;:&quot;none&quot;}\">\n\t\t\t\t\t\t<div class=\"elementor-container elementor-column-gap-default\">\n\t\t\t\t\t<div class=\"elementor-column elementor-col-100 elementor-top-column elementor-element elementor-element-62fa48d\" data-id=\"62fa48d\" data-element_type=\"column\" data-e-type=\"column\">\n\t\t\t<div class=\"elementor-widget-wrap elementor-element-populated\">\n\t\t\t\t\t\t<section class=\"elementor-section elementor-inner-section elementor-element elementor-element-7b683f8 elementor-section-boxed elementor-section-height-default elementor-section-height-default\" data-id=\"7b683f8\" data-element_type=\"section\" data-e-type=\"section\">\n\t\t\t\t\t\t<div class=\"elementor-container elementor-column-gap-default\">\n\t\t\t\t\t<div class=\"elementor-column elementor-col-50 elementor-inner-column elementor-element elementor-element-5608ff0\" data-id=\"5608ff0\" data-element_type=\"column\" data-e-type=\"column\">\n\t\t\t<div class=\"elementor-widget-wrap elementor-element-populated\">\n\t\t\t\t\t\t<div class=\"elementor-element elementor-element-6071316 elementor-widget__width-initial elementor-widget elementor-widget-pix-feature\" data-id=\"6071316\" data-element_type=\"widget\" data-e-type=\"widget\" data-widget_type=\"pix-feature.default\">\n\t\t\t\t<div class=\"elementor-widget-container\">\n\t\t\t\t\t<div id=\"pix-feature-6071316\" class=\"pix-feature-el text-custom \"><h5 class=\"pix-feature-title  font-weight-bold   text-heading-default \" style=\"padding-top:40px;\"  >Werden Sie Mitglied bei Europas f\u00fchrendem Anbieter von vielseitiger Cloud-KI f\u00fcr die Dokumentenautomatisierung<\/h5><div class=\"pix-feature-content text-body-default      \" style=\"padding-top:10px;\"  >Mit mehr als 500 Kunden (darunter Glencore und DB) und un\u00fcbertroffener Sicherheit ist Parashift der von Analysten anerkannte Marktf\u00fchrer im Bereich der KI-Dokumentenautomatisierung. Unser n\u00e4chster Meilenstein: der Aufbau eines erstklassigen Outbound Sales &amp; GTM-Teams, um das Wachstum bei mittelst\u00e4ndischen Unternehmen in ganz Europa zu beschleunigen. <\/div><\/div>\t\t\t\t<\/div>\n\t\t\t\t<\/div>\n\t\t\t\t\t<\/div>\n\t\t<\/div>\n\t\t\t\t<div class=\"elementor-column elementor-col-50 elementor-inner-column elementor-element elementor-element-eb59f2a\" data-id=\"eb59f2a\" data-element_type=\"column\" data-e-type=\"column\">\n\t\t\t<div class=\"elementor-widget-wrap elementor-element-populated\">\n\t\t\t\t\t\t<div class=\"elementor-element elementor-element-822f534 elementor-widget__width-initial elementor-widget elementor-widget-pix-feature\" data-id=\"822f534\" data-element_type=\"widget\" data-e-type=\"widget\" data-widget_type=\"pix-feature.default\">\n\t\t\t\t<div class=\"elementor-widget-container\">\n\t\t\t\t\t<div id=\"pix-feature-822f534\" class=\"pix-feature-el text-custom \"><h5 class=\"pix-feature-title  font-weight-bold   text-heading-default \" style=\"padding-top:40px;\"  >Das Team, das \"Echte KI-Automatisierung f\u00fcr echte Unternehmen\" liefert<\/h5><div class=\"pix-feature-content text-body-default      \" style=\"padding-top:10px;\"  >Bei Parashift sind wir ein eingespieltes Team, das sich zum Ziel gesetzt hat, die beste KI-Automatisierung zu entwickeln. Wir f\u00f6rdern ein dynamisches Umfeld, in dem sich die besten Ideen durchsetzen, unabh\u00e4ngig vom Titel. Kommen Sie zu uns, um frei zu arbeiten, pers\u00f6nlich zu wachsen und die Grenzen der angewandten KI zu erweitern.  <\/div><\/div>\t\t\t\t<\/div>\n\t\t\t\t<\/div>\n\t\t\t\t\t<\/div>\n\t\t<\/div>\n\t\t\t\t\t<\/div>\n\t\t<\/section>\n\t\t\t\t<div class=\"elementor-element elementor-element-2aa33c6 elementor-widget-divider--view-line elementor-widget elementor-widget-divider\" data-id=\"2aa33c6\" data-element_type=\"widget\" data-e-type=\"widget\" data-widget_type=\"divider.default\">\n\t\t\t\t\t\t\t<div class=\"elementor-divider\">\n\t\t\t<span class=\"elementor-divider-separator\">\n\t\t\t\t\t\t<\/span>\n\t\t<\/div>\n\t\t\t\t\t\t<\/div>\n\t\t\t\t<section class=\"elementor-section elementor-inner-section elementor-element elementor-element-b1c0dbb bg-white shadow shadow-hover fly-sm rounded-10 elementor-section-boxed elementor-section-height-default elementor-section-height-default\" data-id=\"b1c0dbb\" data-element_type=\"section\" data-e-type=\"section\" data-settings=\"{&quot;animation&quot;:&quot;none&quot;}\">\n\t\t\t\t\t\t<div class=\"elementor-container elementor-column-gap-default\">\n\t\t\t\t\t<div class=\"elementor-column elementor-col-100 elementor-inner-column elementor-element elementor-element-c065982\" data-id=\"c065982\" data-element_type=\"column\" data-e-type=\"column\" data-settings=\"{&quot;animation&quot;:&quot;none&quot;}\">\n\t\t\t<div class=\"elementor-widget-wrap elementor-element-populated\">\n\t\t\t\t\t\t<div class=\"elementor-element elementor-element-336540c elementor-widget elementor-widget-html\" data-id=\"336540c\" data-element_type=\"widget\" data-e-type=\"widget\" data-widget_type=\"html.default\">\n\t\t\t\t\t<div>\r\n\r\n\r\n\r\n  <meta charset=\"utf-8\">\r\n  <meta name=\"viewport\" content=\"width=device-width, initial-scale=1\">\r\n\r\n  <title>Eingebetteter Job Board Test<\/title>\r\n\r\n  <!-- This is some custom styling for the site that surround the application. -->\r\n  <link rel=\"stylesheet\" type=\"text\/css\" href=\"\/job_board_example_css\/example-job-site-styles.css\">\r\n\r\n\r\n\r\n  <!-- This header content is to show that the embedded content should go directly alongside your other custom\r\n        job board content -->\r\n  <div style=\"text-align:center;\">\r\n    <h1><\/h1>\r\n    <p><i><\/p>\r\n  <\/i><\/p><\/div>\r\n\r\n  <div id=\"ashby_embed\"><\/div>\r\n  <script>\r\n    window.__ashbyBaseJobBoardUrl = \"https:\/\/jobs.ashbyhq.com\/parashift\"\r\n  <\/script>\r\n  <script id=\"ashby-script\" src=\"https:\/\/jobs.ashbyhq.com\/parashift\/embed?version=2\"><\/script>\r\n\r\n\r\n<\/div>\t\t\t\t<\/div>\n\t\t\t\t\t<\/div>\n\t\t<\/div>\n\t\t\t\t\t<\/div>\n\t\t<\/section>\n\t\t\t\t\t<\/div>\n\t\t<\/div>\n\t\t\t\t\t<\/div>\n\t\t<\/section>\n\t\t\t\t<section class=\"elementor-section elementor-top-section elementor-element elementor-element-7c4a906 elementor-section-boxed elementor-section-height-default elementor-section-height-default\" data-id=\"7c4a906\" data-element_type=\"section\" data-e-type=\"section\">\n\t\t\t\t\t\t<div class=\"elementor-container elementor-column-gap-default\">\n\t\t\t\t\t<div class=\"elementor-column elementor-col-100 elementor-top-column elementor-element elementor-element-1675a89\" data-id=\"1675a89\" data-element_type=\"column\" data-e-type=\"column\">\n\t\t\t<div class=\"elementor-widget-wrap\">\n\t\t\t\t\t\t\t<\/div>\n\t\t<\/div>\n\t\t\t\t\t<\/div>\n\t\t<\/section>\n\t\t\t\t<section class=\"elementor-section elementor-top-section elementor-element elementor-element-349fd3a elementor-section-boxed elementor-section-height-default elementor-section-height-default\" data-id=\"349fd3a\" data-element_type=\"section\" data-e-type=\"section\">\n\t\t\t\t\t\t<div class=\"elementor-container elementor-column-gap-default\">\n\t\t\t\t\t<div class=\"elementor-column elementor-col-100 elementor-top-column elementor-element elementor-element-1f3ffaa\" data-id=\"1f3ffaa\" data-element_type=\"column\" data-e-type=\"column\">\n\t\t\t<div class=\"elementor-widget-wrap\">\n\t\t\t\t\t\t\t<\/div>\n\t\t<\/div>\n\t\t\t\t\t<\/div>\n\t\t<\/section>\n\t\t\t\t<\/div>\n\t\t","protected":false},"excerpt":{"rendered":"<p>Au\u00dfergew\u00f6hnliche Herausforderungen erfordern au\u00dfergew\u00f6hnliche Menschen. (Solche, die liefern.) Wenn Sie eine Herausforderung suchen, um gro\u00dfartige Ergebnisse zu erzielen, und nicht nur einen weiteren Job, dann ist Parashift genau das Richtige f\u00fcr Sie. Werden Sie Mitglied bei Europas f\u00fchrendem Anbieter von&#8230;<\/p>\n","protected":false},"author":1,"featured_media":0,"parent":0,"menu_order":0,"comment_status":"closed","ping_status":"closed","template":"","meta":{"content-type":"","footnotes":""},"class_list":["post-31476","page","type-page","status-publish","hentry"],"_links":{"self":[{"href":"https:\/\/parashift.ai\/de\/wp-json\/wp\/v2\/pages\/31476","targetHints":{"allow":["GET"]}}],"collection":[{"href":"https:\/\/parashift.ai\/de\/wp-json\/wp\/v2\/pages"}],"about":[{"href":"https:\/\/parashift.ai\/de\/wp-json\/wp\/v2\/types\/page"}],"author":[{"embeddable":true,"href":"https:\/\/parashift.ai\/de\/wp-json\/wp\/v2\/users\/1"}],"replies":[{"embeddable":true,"href":"https:\/\/parashift.ai\/de\/wp-json\/wp\/v2\/comments?post=31476"}],"version-history":[{"count":40,"href":"https:\/\/parashift.ai\/de\/wp-json\/wp\/v2\/pages\/31476\/revisions"}],"predecessor-version":[{"id":33180,"href":"https:\/\/parashift.ai\/de\/wp-json\/wp\/v2\/pages\/31476\/revisions\/33180"}],"wp:attachment":[{"href":"https:\/\/parashift.ai\/de\/wp-json\/wp\/v2\/media?parent=31476"}],"curies":[{"name":"wp","href":"https:\/\/api.w.org\/{rel}","templated":true}]}}